{"id":1799,"date":"2024-07-26T18:20:23","date_gmt":"2024-07-26T18:20:23","guid":{"rendered":"https:\/\/studiokappa.it\/test\/?post_type=product&#038;p=1799"},"modified":"2025-06-10T11:14:36","modified_gmt":"2025-06-10T11:14:36","slug":"generare-empowerment-storie-di-vita-diventano-preziose-ricchezze-per-comprendere-un-esercizio-efficace-del-proprio-potere","status":"publish","type":"product","link":"https:\/\/studiokappa.it\/test\/product\/generare-empowerment-storie-di-vita-diventano-preziose-ricchezze-per-comprendere-un-esercizio-efficace-del-proprio-potere\/","title":{"rendered":"Generare<br>Empowerment"},"content":{"rendered":"<p><strong>Generare empowerment <\/strong><\/p>\n<p><em><strong>Storie di vita diventano preziose ricchezze per comprendere un esercizio efficace del proprio potere<\/strong><\/em><\/p>\n<p><strong><em>di Simone Deflorian<\/em><\/strong><\/p>\n<div style=\"text-align: justify;\">Il testo \u00e8 composto da diversi saggi attorno al tema della capacit\u00e0 attraverso l&#8217;esercizio del potere di generare assunzione di responsabilit\u00e0 e di coscienza critica da parte degli interlocutori che si incontrano. I diversi capitoli partono da storie di vita esemplari per raccontare e descrivere le caratteristiche di un efficace esercizio del proprio potere. I comportamenti umani e sociali sono antropologicamente affrontati come uno strumento per cambiare e trasformare il mondo verso una direzione maggiormente umanizzante. La traccia che guida il testo fa riferimento ad un esercizio della leadership con un approccio proprio della ricerca-azione. Il testo nasce dall&#8217;esperienza di formazione di un gruppo di studenti universitari che si sono prestati come co-autori a portare la loro esperienza di vita per descrivere processi di decisione, in funzione della mobilitazione della partecipazione dei diversi soggetti presenti nella situazione. Le conclusioni evidenziano i metodi, gli strumenti e le skills affinch\u00e8 l&#8217;esercizio del proprio potere possa essere generativo nella prospettiva di un efficace trasformazione della realt\u00e0 e dei territori.<\/div>\n","protected":false},"excerpt":{"rendered":"<p>Generare empowerment Storie di vita diventano preziose ricchezze per comprendere un esercizio efficace del proprio potere di Simone Deflorian Il testo \u00e8 composto da diversi saggi attorno al tema della capacit\u00e0 attraverso l&#8217;esercizio del potere di generare assunzione di responsabilit\u00e0 e di coscienza critica da parte degli interlocutori che si incontrano. I diversi capitoli partono [&hellip;]<\/p>\n","protected":false},"featured_media":1802,"template":"","meta":{"_acf_changed":false,"_eb_attr":""},"product_brand":[64],"product_cat":[50],"product_tag":[],"class_list":{"0":"post-1799","1":"product","2":"type-product","3":"status-publish","4":"has-post-thumbnail","6":"product_brand-simone-deflorian","7":"product_cat-simone-deflorian","9":"first","10":"instock","11":"shipping-taxable","12":"product-type-external"},"acf":[],"_links":{"self":[{"href":"https:\/\/studiokappa.it\/test\/wp-json\/wp\/v2\/product\/1799","targetHints":{"allow":["GET"]}}],"collection":[{"href":"https:\/\/studiokappa.it\/test\/wp-json\/wp\/v2\/product"}],"about":[{"href":"https:\/\/studiokappa.it\/test\/wp-json\/wp\/v2\/types\/product"}],"wp:featuredmedia":[{"embeddable":true,"href":"https:\/\/studiokappa.it\/test\/wp-json\/wp\/v2\/media\/1802"}],"wp:attachment":[{"href":"https:\/\/studiokappa.it\/test\/wp-json\/wp\/v2\/media?parent=1799"}],"wp:term":[{"taxonomy":"product_brand","embeddable":true,"href":"https:\/\/studiokappa.it\/test\/wp-json\/wp\/v2\/product_brand?post=1799"},{"taxonomy":"product_cat","embeddable":true,"href":"https:\/\/studiokappa.it\/test\/wp-json\/wp\/v2\/product_cat?post=1799"},{"taxonomy":"product_tag","embeddable":true,"href":"https:\/\/studiokappa.it\/test\/wp-json\/wp\/v2\/product_tag?post=1799"}],"curies":[{"name":"wp","href":"https:\/\/api.w.org\/{rel}","templated":true}]}}