{"id":7714,"date":"2016-10-16T18:24:37","date_gmt":"2016-10-16T18:24:37","guid":{"rendered":"http:\/\/www.studiokappa.it\/?page_id=7714"},"modified":"2016-10-16T18:24:37","modified_gmt":"2016-10-16T18:24:37","slug":"candida-leso-biografia","status":"publish","type":"page","link":"https:\/\/studiokappa.it\/test\/candida-leso-biografia\/","title":{"rendered":"Candida Leso &#8211; Biografia"},"content":{"rendered":"<table width=\"100%\" cellspacing=\"0\" cellpadding=\"0\" border=\"0\" align=\"center\">\n<tbody>\n<tr>\n<td style=\"width: 75%\" valign=\"top\"><strong><span style=\"color: #6600ff;font-size: medium\">Candida Leso<\/span><br \/>\n<\/strong><span style=\"color: #6600ff\">Sviluppo Professionale e Organizzativo<\/span><\/p>\n<p><em>&nbsp;<\/em><\/p>\n<p><strong>Biografia<\/strong><\/p>\n<div>Nata a Chieri (To) da genitori originari della Campania, si trasferisce dopo pochi mesi in quella regione dove trascorre, prima in un paese della costa cilentana poi ad Eboli (Sa), i primi nove anni della sua vita.<\/div>\n<div>\nLe scelte professionali, della madre prima e del padre poi, la portano a ritornare nel paese natale con i genitori ed un fratello di sei anni pi\u00f9 piccolo di lei, e poi, dopo solo quattro anni, a trasferirsi a Oulx (To), localit\u00e0 della Alta Valle di Susa dove inizia gli studi liceali.<\/div>\n<div>\nSe fino a quel momento il percorso di vita si \u00e8 snodato in modo abbastanza lineare e positivo, con l&#8217;inizio delle scuole superiori iniziano per Candida Leso gli anni pi\u00f9 difficili: al contrario dell&#8217;inserimento&nbsp; a Chieri, che ha vissuto come foriero di occasioni di crescita e dove ha conosciuto persone e situazioni che la accompagneranno anche negli anni successivi, l\u2019inserimento a Oulx si rivela pi\u00f9 ostico e complicato.<\/div>\n<div>\nIl confronto con modalit\u00e0 relazionali meno aperte ed accoglienti e le difficolt\u00e0 incontrate durante l&#8217;iter di studi liceale, dove l\u2019impegno profuso non sempre corrisponde a riscontri oggettivi di apprendimento incidono sulla sua autostima e rappresentano la prima importante palestra nella ricerca della sua identit\u00e0: sorgono le domande su chi sia e su chi voglia diventare, su quali siano le sue vere inclinazioni e quali gli effetti dei dettami della famiglia o del contesto culturale in cui si trova a vivere&#8230;.<\/div>\n<div>\nProbabilmente pensando di trovare maggiore supporto e orientamento in questa ricerca, terminato il Liceo Classico sceglie di iscriversi alla Facolt\u00e0 di Psicologia dell\u2019Universit\u00e0 di Torino, citt\u00e0 nella quale va a vivere durante la settimana iniziando l\u2019esperienza di convivenza con altri studenti, e sperimentando spazi di autonomia dalla famiglia sia nella gestione economica che nell&#8217;organizzazione del tempo e degli studi. Sono gli anni in cui affianca allo studio molteplici piccole esperienze di lavoro tra le quali quella condotta presso il carcere minorile Ferrante Aporti dove ha modo di cimentarsi nel ruolo di formatrice-animatrice.<\/div>\n<div>Oulx rimane il luogo di residenza per tutti gli anni universitari.<\/div>\n<div>\nL\u00ec incontra ed inizia a frequentare Andrea, un coetaneo studente di Economia e Commercio che, ora da vicino ora da pi\u00f9 lontano, affiancher\u00e0 il suo percorso di crescita personale e professionale e che la supporter\u00e0 nel percorso&nbsp; di conoscenza di s\u00e8 e del mondo offrendole letture critiche alternative alle sue e riconoscendo inclinazioni e propensioni non sempre manifeste neppure a lei.<\/div>\n<div>\nSar\u00e0 proprio Andrea&nbsp; infatti, a seguito di esperienze di lavoro post lauream nell\u2019 area marketing-commerciale di due aziende piemontesi rivelatesi non completamente edificanti, a sostenere il trasferimento di residenza a Parma dove ha inizio&nbsp;<span style=\"font-family: inherit;font-size: inherit;font-weight: inherit\">una nuova esperienza professionale come Funzionario dei Servizi Sociali presso l\u2019Agenzia Disabili del Comune di Parma.<\/span><span style=\"font-family: inherit;font-size: inherit;font-weight: inherit\">Qui svolge la sua attivit\u00e0 a supporto dello sviluppo del ruolo professionale del personale di un Servizio di Inserimento Lavorativo prima e di Integrazione Scolastica di alunni disabili poi. <\/span><\/div>\n<div><\/div>\n<div><span style=\"font-size: inherit;font-family: inherit;font-weight: inherit\">E\u2019 il periodo in cui &nbsp;la sua vita si sviluppa tra l\u2019Emilia-Romagna dove lavora, il Piemonte, dove ci sono i suoi affetti, e la Lombardia dove, alla ricerca di stimoli e di nuovi strumenti professionali, si iscrive &nbsp;e frequenta assiduamente prima il Master per Conduttori di gruppo con i Metodi d\u2019 Azione e poi la Scuola di specializzazione alla conduzione di performance di teatro di improvvisazione con il Metodo del Playback Theatre di Jonathan Fox.<\/span><\/div>\n<div><\/div>\n<div><span style=\"font-size: inherit;font-family: inherit;font-weight: inherit\">L\u2019annuncio dell\u2019arrivo della figlia Sofia la chiama a prendere una decisione sugli sviluppi della sua vita. Sceglie di ritornare a risiedere in Piemonte, con Andrea che \u00e8 diventato nel frattempo suo marito e di condividere con lui la sua crescita e la gestione dello Studio di Consulenza Aziendale nel frattempo avviato.<\/span><\/div>\n<\/td>\n<td style=\"width: 20%\" valign=\"top\"><a style=\"text-decoration: none\" href=\"http:\/\/www.studiokappa.it\/?page_id=156\"><img decoding=\"async\" class=\"alignright size-full wp-image-113\" style=\"margin-left: 10px\" title=\"Candida Leso - Sviluppo Professionale e Organizzativo\" src=\"http:\/\/www.studiokappa.it\/wp-content\/uploads\/2019\/01\/Casmall.jpg\" alt=\"Candida Leso\" width=\"186\" height=\"222\"><\/a><\/p>\n<p>&nbsp;<\/p>\n<p style=\"text-align: right\"><em><strong>&nbsp;&nbsp;&nbsp;<a style=\"text-decoration: none\" title=\"Vai alle pubblicazioni di Candida Leso\" href=\"http:\/\/www.studiokappa.it\/?page_id=7704\">Pubblicazioni<\/a><\/strong><\/em><\/p>\n<p style=\"text-align: right\"><em><strong>&nbsp;&nbsp;&nbsp;<a style=\"text-decoration: none\" title=\"Vai agli articoli di Candida Leso\" href=\"http:\/\/www.studiokappa.it\/?page_id=7706\">Articoli<\/a><\/strong><\/em><\/p>\n<p style=\"text-align: right\"><em><strong>&nbsp;&nbsp;&nbsp;<a style=\"text-decoration: none\" title=\"Vai ai convegni di Candida Leso\" href=\"http:\/\/www.studiokappa.it\/?page_id=7708\">Convegni<\/a><\/strong><\/em><\/p>\n<p style=\"text-align: right\"><em><strong>&nbsp;&nbsp;&nbsp;<a style=\"text-decoration: none\" title=\"Vai all'area dell'intervento Candida Leso\" href=\"http:\/\/www.studiokappa.it\/?page_id=7710\">Area di intervento<\/a><\/strong><\/em><\/p>\n<p style=\"text-align: right\"><em><strong>&nbsp;&nbsp;&nbsp;<a style=\"text-decoration: none\" title=\"Vai ai testi di riferimento di Candida Leso\" href=\"http:\/\/www.studiokappa.it\/?page_id=7712\">Riferimenti<\/a><\/strong><\/em><\/p>\n<p style=\"text-align: right\"><em><strong>&nbsp;&nbsp;&nbsp;<a style=\"text-decoration: none\" title=\"Vai alla biografia di Candida Leso\" href=\"http:\/\/www.studiokappa.it\/?page_id=7714\">Biografia<\/a><\/strong><\/em><\/p>\n<\/td>\n<\/tr>\n<\/tbody>\n<\/table>\n","protected":false},"excerpt":{"rendered":"<p>Candida Leso Sviluppo Professionale e Organizzativo &nbsp; Biografia Nata a Chieri (To) da genitori originari della Campania, si trasferisce dopo pochi mesi in quella regione dove trascorre, prima in un paese della costa cilentana poi ad Eboli (Sa), i primi nove anni della sua vita. Le scelte professionali, della madre prima e del padre poi, [&hellip;]<\/p>\n","protected":false},"author":16,"featured_media":0,"parent":0,"menu_order":0,"comment_status":"closed","ping_status":"closed","template":"","meta":{"_acf_changed":false,"_eb_attr":"","footnotes":""},"class_list":["post-7714","page","type-page","status-publish","hentry"],"acf":[],"rttpg_featured_image_url":null,"rttpg_author":{"display_name":"admin","author_link":"https:\/\/studiokappa.it\/test\/author\/admin\/"},"rttpg_comment":0,"rttpg_category":null,"rttpg_excerpt":"Candida Leso Sviluppo Professionale e Organizzativo &nbsp; Biografia Nata a Chieri (To) da genitori originari della Campania, si trasferisce dopo pochi mesi in quella regione dove trascorre, prima in un paese della costa cilentana poi ad Eboli (Sa), i primi nove anni della sua vita. Le scelte professionali, della madre prima e del padre poi,&hellip;","_links":{"self":[{"href":"https:\/\/studiokappa.it\/test\/wp-json\/wp\/v2\/pages\/7714","targetHints":{"allow":["GET"]}}],"collection":[{"href":"https:\/\/studiokappa.it\/test\/wp-json\/wp\/v2\/pages"}],"about":[{"href":"https:\/\/studiokappa.it\/test\/wp-json\/wp\/v2\/types\/page"}],"author":[{"embeddable":true,"href":"https:\/\/studiokappa.it\/test\/wp-json\/wp\/v2\/users\/16"}],"replies":[{"embeddable":true,"href":"https:\/\/studiokappa.it\/test\/wp-json\/wp\/v2\/comments?post=7714"}],"version-history":[{"count":0,"href":"https:\/\/studiokappa.it\/test\/wp-json\/wp\/v2\/pages\/7714\/revisions"}],"wp:attachment":[{"href":"https:\/\/studiokappa.it\/test\/wp-json\/wp\/v2\/media?parent=7714"}],"curies":[{"name":"wp","href":"https:\/\/api.w.org\/{rel}","templated":true}]}}