{"id":22261,"date":"2025-02-27T18:40:36","date_gmt":"2025-02-27T18:40:36","guid":{"rendered":"https:\/\/studiokappa.it\/test\/?page_id=22261"},"modified":"2025-04-14T16:05:43","modified_gmt":"2025-04-14T16:05:43","slug":"empowerment-persone-e-professioni","status":"publish","type":"page","link":"https:\/\/studiokappa.it\/test\/empowerment-persone-e-professioni\/","title":{"rendered":"Empowerment Persone e Professioni"},"content":{"rendered":"\t\t<div data-elementor-type=\"wp-page\" data-elementor-id=\"22261\" class=\"elementor elementor-22261\" data-elementor-post-type=\"page\">\n\t\t\t\t<div class=\"elementor-element elementor-element-998849f e-flex e-con-boxed e-con e-parent\" data-id=\"998849f\" data-element_type=\"container\" data-e-type=\"container\">\n\t\t\t\t\t<div class=\"e-con-inner\">\n\t\t\t\t<div class=\"elementor-element elementor-element-d12f86d elementor-widget elementor-widget-image\" data-id=\"d12f86d\" data-element_type=\"widget\" data-e-type=\"widget\" data-widget_type=\"image.default\">\n\t\t\t\t<div class=\"elementor-widget-container\">\n\t\t\t\t\t\t\t\t\t\t\t\t\t\t\t<img decoding=\"async\" src=\"https:\/\/studiokappa.it\/test\/wp-content\/plugins\/elementor\/assets\/images\/placeholder.png\" title=\"\" alt=\"\" loading=\"lazy\" \/>\t\t\t\t\t\t\t\t\t\t\t\t\t\t\t<\/div>\n\t\t\t\t<\/div>\n\t\t\t\t<div class=\"elementor-element elementor-element-0a7c4c8 elementor-widget elementor-widget-heading\" data-id=\"0a7c4c8\" data-element_type=\"widget\" data-e-type=\"widget\" data-widget_type=\"heading.default\">\n\t\t\t\t<div class=\"elementor-widget-container\">\n\t\t\t\t\t<h2 class=\"elementor-heading-title elementor-size-default\">Empowerment delle Persone e delle Professioni<\/h2>\t\t\t\t<\/div>\n\t\t\t\t<\/div>\n\t\t\t\t\t<\/div>\n\t\t\t\t<\/div>\n\t\t<div class=\"elementor-element elementor-element-87d6e34 e-flex e-con-boxed e-con e-parent\" data-id=\"87d6e34\" data-element_type=\"container\" data-e-type=\"container\">\n\t\t\t\t\t<div class=\"e-con-inner\">\n\t\t\t\t<div class=\"elementor-element elementor-element-4db6c34 elementor-widget elementor-widget-text-editor\" data-id=\"4db6c34\" data-element_type=\"widget\" data-e-type=\"widget\" data-widget_type=\"text-editor.default\">\n\t\t\t\t<div class=\"elementor-widget-container\">\n\t\t\t\t\t\t\t\t\t<p data-sourcepos=\"5:1-5:356\">Le diverse sfide della vita aiutano le persone a costruire la propria identit\u00e0 a rafforzare il proprio carattere e a individuare\u00a0 il loro senso nel mondo. Queste sfide possono essere occasione evolutiva oppure una fatica e una resistenza a costruirsi come donna e come uomo. Analizzare le situazioni, riconoscere e valorizzare ci\u00f2 che \u00e8 stato raggiunto, \u00e8 un&#8217;occasione per capire quale sia il modo migliore per esprimere le grandiosit\u00e0 che ciascuno ha dentro di s\u00e8 nella vita personale o in quella professionale.<\/p><div id=\"s3gt_translate_tooltip_mini\" class=\"s3gt_translate_tooltip_mini_box\" style=\"background: initial !important; border: initial !important; border-radius: initial !important; border-spacing: initial !important; border-collapse: initial !important; direction: ltr !important; flex-direction: initial !important; font-weight: initial !important; height: initial !important; letter-spacing: initial !important; min-width: initial !important; max-width: initial !important; min-height: initial !important; max-height: initial !important; margin: auto !important; outline: initial !important; padding: initial !important; position: absolute; table-layout: initial !important; text-align: initial !important; text-shadow: initial !important; width: initial !important; word-break: initial !important; word-spacing: initial !important; overflow-wrap: initial !important; box-sizing: initial !important; display: initial !important; color: inherit !important; font-size: 13px !important; font-family: X-LocaleSpecific, sans-serif, Tahoma, Helvetica !important; line-height: 13px !important; vertical-align: top !important; white-space: inherit !important; left: 97px; top: 101px; opacity: 0.65;\"><div id=\"s3gt_translate_tooltip_mini_logo\" class=\"s3gt_translate_tooltip_mini\" title=\"Traduci il testo selezionato\">\u00a0<\/div><div id=\"s3gt_translate_tooltip_mini_sound\" class=\"s3gt_translate_tooltip_mini\" title=\"Pronuncia\">\u00a0<\/div><div id=\"s3gt_translate_tooltip_mini_copy\" class=\"s3gt_translate_tooltip_mini\" title=\"Copia il testo negli appunti\">\u00a0<\/div><\/div>\t\t\t\t\t\t\t\t<\/div>\n\t\t\t\t<\/div>\n\t\t\t\t\t<\/div>\n\t\t\t\t<\/div>\n\t\t<div class=\"elementor-element elementor-element-4fe2583 e-flex e-con-boxed e-con e-parent\" data-id=\"4fe2583\" data-element_type=\"container\" data-e-type=\"container\">\n\t\t\t\t\t<div class=\"e-con-inner\">\n\t\t\t\t<div class=\"elementor-element elementor-element-eac1517 elementor-widget elementor-widget-heading\" data-id=\"eac1517\" data-element_type=\"widget\" data-e-type=\"widget\" data-widget_type=\"heading.default\">\n\t\t\t\t<div class=\"elementor-widget-container\">\n\t\t\t\t\t<h2 class=\"elementor-heading-title elementor-size-default\">Le persone ci cercano per...<\/h2>\t\t\t\t<\/div>\n\t\t\t\t<\/div>\n\t\t\t\t\t<\/div>\n\t\t\t\t<\/div>\n\t\t<div class=\"elementor-element elementor-element-20c51d0 e-flex e-con-boxed e-con e-parent\" data-id=\"20c51d0\" data-element_type=\"container\" data-e-type=\"container\">\n\t\t\t\t\t<div class=\"e-con-inner\">\n\t\t\t\t<div class=\"elementor-element elementor-element-4a37e50 elementor-widget elementor-widget-text-editor\" data-id=\"4a37e50\" data-element_type=\"widget\" data-e-type=\"widget\" data-widget_type=\"text-editor.default\">\n\t\t\t\t<div class=\"elementor-widget-container\">\n\t\t\t\t\t\t\t\t\t<ul style=\"font-size: 20px; background-color: #d8d8e4; color: #000000;\" data-spread=\"false\"><li style=\"font-size: 20px;\"><p>Definire il <em>core<\/em> della propria attivit\u00e0 libero professionale<\/p><\/li><li style=\"font-size: 20px;\"><p>Individuare l&#8217;attivit\u00e0 lavorativa adatta a sviluppare i talenti della propria persona<\/p><\/li><li style=\"font-size: 20px;\"><p>Riumanizzare i momenti della propria vita<\/p><\/li><li style=\"font-size: 20px;\"><p>Riacquisire il potere di orientare con autorevolezza le proprie scelte personali e professionali<\/p><\/li><li style=\"font-size: 20px;\"><p>Fare un <em>downgrading<\/em> della propria vita personale e professionale<\/p><\/li><li style=\"font-size: 20px;\"><p>Riappropriarsi del proprio tempo e della propria dimensione analogica personale e collettiva<\/p><\/li><li style=\"font-size: 20px;\"><p>Crescere figli autorevoli, coraggiosi, liberi, responsabili e coscienti<\/p><\/li><li style=\"font-size: 20px;\"><p>Costruire processi di crescita comunitari<\/p><\/li><li style=\"font-size: 20px;\"><p>Democratizzare i Processi Decisionali familiari<\/p><\/li><li style=\"font-size: 20px;\"><p><span style=\"background-color: transparent; color: var( --e-global-color-08549e9 ); text-align: var(--text-align);\">Progettarsi un percorso di cambiamento personale e familiare<br \/><\/span><\/p><\/li><li style=\"font-size: 20px;\"><p><span style=\"background-color: transparent; color: var( --e-global-color-08549e9 ); text-align: var(--text-align);\">Facilitare la Gestione dei Conflitti in familia e tra amici<br \/><\/span><\/p><\/li><li style=\"font-size: 20px;\"><p>Progettare le fasi di vita personali e familiari (infanzia, adolescenza, adultit\u00e0, anzianit\u00e0)<br \/><br \/><\/p><\/li><\/ul>\t\t\t\t\t\t\t\t<\/div>\n\t\t\t\t<\/div>\n\t\t\t\t\t<\/div>\n\t\t\t\t<\/div>\n\t\t<div class=\"elementor-element elementor-element-9a5d666 e-flex e-con-boxed e-con e-parent\" data-id=\"9a5d666\" data-element_type=\"container\" data-e-type=\"container\">\n\t\t\t\t\t<div class=\"e-con-inner\">\n\t\t\t\t<div class=\"elementor-element elementor-element-ad17438 elementor-widget elementor-widget-heading\" data-id=\"ad17438\" data-element_type=\"widget\" data-e-type=\"widget\" data-widget_type=\"heading.default\">\n\t\t\t\t<div class=\"elementor-widget-container\">\n\t\t\t\t\t<h2 class=\"elementor-heading-title elementor-size-default\">La vita come continuum<\/h2>\t\t\t\t<\/div>\n\t\t\t\t<\/div>\n\t\t\t\t\t<\/div>\n\t\t\t\t<\/div>\n\t\t<div class=\"elementor-element elementor-element-6836276 e-flex e-con-boxed e-con e-parent\" data-id=\"6836276\" data-element_type=\"container\" data-e-type=\"container\">\n\t\t\t\t\t<div class=\"e-con-inner\">\n\t\t\t\t<div class=\"elementor-element elementor-element-41412be elementor-widget elementor-widget-text-editor\" data-id=\"41412be\" data-element_type=\"widget\" data-e-type=\"widget\" data-widget_type=\"text-editor.default\">\n\t\t\t\t<div class=\"elementor-widget-container\">\n\t\t\t\t\t\t\t\t\t<p>La persona, nella sua preziosa individualit\u00e0, con la propria dimensione corporea, intellettiva, emotiva, animica e spirituale, rappresenta il cuore di qualsiasi processo di trasformazione e il punto di partenza di ogni intervento, rivolto anche alla coppia, al gruppo, all&#8217;organizzazione e ai contesti in cui le persone si incontrano costruendo il mondo.<\/p><p>Costruiamo insieme alle persone percorsi individuali, in coppia o in gruppo, verso la qualit\u00e0 di vita e piena maturazione che sentono adatta alle proprie caratteristiche, restituendole e riconoscendole la capacit\u00e0 di autodeterminari, di riprendere contatto con il proprio mondo emotivo, rendendosi consapevoli delle proprie capacit\u00e0.<\/p><p>Ogni intervento attiva il potenziale della persona coinvolta, smuove autoconsapevolezza e responsabilit\u00e0 e la connettono con il proprio agire nel mondo, nella costruzione di una coerenza dialettica tra &#8220;ci\u00f2 che \u00e8&#8221; e &#8220;ci\u00f2 che fa&#8221;.<\/p><p>Utilizziamo spazi e metodi che consentono a ciascuno di esprimere pienamente s\u00e9 stesso.<\/p><p>Le metodologie attive, calibrate sui bisogni e obiettivi delle persone, sono lo strumento principale.<\/p><p>L&#8217;empowerment \u00e8 il cuore di ogni intervento: in tutti gli individui sono sempre presenti risorse da liberare e valorizzare per favorire autonomia e libert\u00e0 di scelta\u00a0 e poter essere protagonisti della propria storia di vita.\u00a0<\/p><p>La finalit\u00e0 del suo agire consiste nell\u2019individuare e valorizzare il potenziale creativo, elemento imprescindibile nella crescita di ogni individuo.<\/p><p>Si interessa al concetto di multi-potenzialit\u00e0 con particolare attenzione al mondo dell\u2019infanzia e dell\u2019adolescenza attraverso strumenti quali la letteratura per ragazzi e l\u2019orticoltura, nella profonda convinzione che ognuno di noi sia un giardino segreto, talvolta sconosciuto persino a se stesso, che va aiutato a fiorire grazie al confronto dialogico e alla creazione di valore, a partire dalla propria storia personale.<\/p><p>Si occupa di ricerca, sondando le possibili interazioni tra Uomo, Ambiente e Letteratura, individuando in quest\u2019ultima la capacit\u00e0 di ispirare e orientare gli atteggiamenti e la coscienza critica nei confronti del mondo che ci circonda, secondo i principi di ispirazione della corrente dell&#8217;ecocriticismo e dell&#8217;ecologia letteraria.<\/p><p>Il benessere delle persone non \u00e8 addomesticamento o adattamento della persona ad un contesto disumanizzato, ma un&#8217;esplosione di elementi vitali capaci di rigenerare tutto l&#8217;intorno che viene inondato dalle grandiosit\u00e0 dei talenti con cui la persona esprime la qualit\u00e0 del suo valore.<\/p>\t\t\t\t\t\t\t\t<\/div>\n\t\t\t\t<\/div>\n\t\t\t\t\t<\/div>\n\t\t\t\t<\/div>\n\t\t<div class=\"elementor-element elementor-element-eaffc1d e-flex e-con-boxed e-con e-parent\" data-id=\"eaffc1d\" data-element_type=\"container\" data-e-type=\"container\">\n\t\t\t\t\t<div class=\"e-con-inner\">\n\t\t\t\t<div class=\"elementor-element elementor-element-f8bc5a1 elementor-widget elementor-widget-heading\" data-id=\"f8bc5a1\" data-element_type=\"widget\" data-e-type=\"widget\" data-widget_type=\"heading.default\">\n\t\t\t\t<div class=\"elementor-widget-container\">\n\t\t\t\t\t<h2 class=\"elementor-heading-title elementor-size-default\">Un'esperienza meta-culturale<\/h2>\t\t\t\t<\/div>\n\t\t\t\t<\/div>\n\t\t\t\t\t<\/div>\n\t\t\t\t<\/div>\n\t\t<div class=\"elementor-element elementor-element-d1b2220 e-flex e-con-boxed e-con e-parent\" data-id=\"d1b2220\" data-element_type=\"container\" data-e-type=\"container\">\n\t\t\t\t\t<div class=\"e-con-inner\">\n\t\t\t\t<div class=\"elementor-element elementor-element-4c2d706 elementor-widget elementor-widget-text-editor\" data-id=\"4c2d706\" data-element_type=\"widget\" data-e-type=\"widget\" data-widget_type=\"text-editor.default\">\n\t\t\t\t<div class=\"elementor-widget-container\">\n\t\t\t\t\t\t\t\t\t<p><span style=\"color: #000000; font-size: 20px;\">StudioKappa ha una esperienza consolidata nello sostenere i processi di autodeterminazione delle persone in contesti culturali con storie archetipiche molto diversi, dal sud America, all&#8217;Europa Occidentale, a quella Orientale, financo all&#8217;Africa francofona.<br \/><\/span><\/p>\t\t\t\t\t\t\t\t<\/div>\n\t\t\t\t<\/div>\n\t\t\t\t\t<\/div>\n\t\t\t\t<\/div>\n\t\t<div class=\"elementor-element elementor-element-a11a72c e-flex e-con-boxed e-con e-parent\" data-id=\"a11a72c\" data-element_type=\"container\" data-e-type=\"container\">\n\t\t\t\t\t<div class=\"e-con-inner\">\n\t\t\t\t<div class=\"elementor-element elementor-element-47c5116 section-title-style-style4 section-title-align-left meta-visibility-show title_position_default title_hover_border_default title-default img_hover_animation_default meta_position_default readmore-btn-default-style grid-hover-overlay-type-always tpg-el-box-border-enable tpg-border-bottom-disable elementor-widget elementor-widget-tpg-list-layout\" data-id=\"47c5116\" data-element_type=\"widget\" data-e-type=\"widget\" data-widget_type=\"tpg-list-layout.default\">\n\t\t\t\t<div class=\"elementor-widget-container\">\n\t\t\t\t\t\n        <div class=\"rt-container-fluid rt-tpg-container tpg-el-main-wrapper list-layout1-main \"\n             data-sc-id=\"elementor\"\n             id=\"rt-tpg-container-1566934275\"\n             data-layout=\"list-layout1\"\n             data-grid-style=\"tpg-even\"\n             data-el-settings=''\n             data-el-query=''\n             data-el-path=''\n        >\n\t\t\t            <div class='tpg-header-wrapper '>\n\t\t\t\t\n        <div class=\"tpg-widget-heading-wrapper rt-clear heading-style4 \">\n            <span class=\"tpg-widget-heading-line line-left\"><\/span>\n            <h2 class='tpg-widget-heading'>\n            \n                                    <span>\n\t\t\t\t\t\tLavoriamo per l&#039;empowerment delle persone e delle professioni\t\t\t\t\t<\/span>\n                    \n                            <\/h2>            <span class=\"tpg-widget-heading-line line-right\"><\/span>\n\n            \n        <\/div>\n\n        \n                    <\/div>\n\n            <div data-title=\"Loading ...\" class=\"rt-row rt-content-loader list-layout1 tpg-even list-behaviour list-layout-wrapper\">\n\t\t\t\t\n<div class=\"rt-col-md-4 rt-col-sm-12 rt-col-xs-12 default rt-list-item rt-grid-item\" data-id=\"22390\">\n\t<div class=\"rt-holder tpg-post-holder \">\n\t\t<div class=\"rt-detail rt-el-content-wrapper\">\n\t\t\t\t\t\t\t<div class=\"rt-img-holder tpg-el-image-wrap has-no-thumbnail\">\n\t\t\t\t\t<a data-id=\"22390\" href=\"https:\/\/studiokappa.it\/test\/growing-communities\/\" class=\"tpg-post-link\" target=\"_self\">        \n        <\/a>\n                <div class=\"overlay grid-hover-content\"><\/div>\n        \t\t\t\t<\/div>\n\t\t\t\n\t\t\t<div class=\"post-right-content\">\n\t\t\t\t<div class=\"entry-title-wrapper\"><h3 class=\"entry-title\"><a data-id=\"22390\" href=\"https:\/\/studiokappa.it\/test\/growing-communities\/\" class=\"tpg-post-link\" target=\"_self\">Growing Communities<\/a><\/h3><\/div>\n\t\t\t\t\t\t\t\t\t<div class=\"post-meta-tags rt-el-post-meta\">\n\t\t\t\t\t\t            <span class='date'>\n\t\t\t\t<i class='far fa-calendar-alt '><\/i>                                    <a href=\"https:\/\/studiokappa.it\/test\/2025\/03\/14\/\">\n\t\t\t\t\t14 Marzo 2025\t\t\t\t<\/a>\n                \t\t\t<\/span>\n            \t\t\t\t\t<\/div>\n\t\t\t\t\n\t\t\t\t\t\t\t\t\t<div class=\"tpg-excerpt tpg-el-excerpt\">\n\t\t\t\t\t\t\t\t\t\t\t\t\t<div class=\"tpg-excerpt-inner\">\n\t\t\t\t\t\t\t\tPostura, metodologie e strumenti per la cura consapevole dello sviluppo di comunit\u00e0. Il training, a...\t\t\t\t\t\t\t<\/div>\n\t\t\t\t\t\t\t\t\t\t\t\t\t\t\t\t\t<\/div>\n\t\t\t\t\n\t\t\t\t        <div class=\"post-footer\">\n            <div class=\"post-footer\">\n                <div class=\"read-more\">\n                    <a data-id=\"22390\" href=\"https:\/\/studiokappa.it\/test\/growing-communities\/\" class=\"tpg-post-link\" target=\"_self\">Read More<\/a>                <\/div>\n            <\/div>\n        <\/div>\n        \t\t\t<\/div>\n\t\t<\/div>\n\t<\/div>\n<\/div>\n\n<div class=\"rt-col-md-4 rt-col-sm-12 rt-col-xs-12 default rt-list-item rt-grid-item\" data-id=\"22106\">\n\t<div class=\"rt-holder tpg-post-holder \">\n\t\t<div class=\"rt-detail rt-el-content-wrapper\">\n\t\t\t\t\t\t\t<div class=\"rt-img-holder tpg-el-image-wrap has-no-thumbnail\">\n\t\t\t\t\t<a data-id=\"22106\" href=\"https:\/\/studiokappa.it\/test\/la-parola-fa-eguali\/\" class=\"tpg-post-link\" target=\"_self\">        \n        <\/a>\n                <div class=\"overlay grid-hover-content\"><\/div>\n        \t\t\t\t<\/div>\n\t\t\t\n\t\t\t<div class=\"post-right-content\">\n\t\t\t\t<div class=\"entry-title-wrapper\"><h3 class=\"entry-title\"><a data-id=\"22106\" href=\"https:\/\/studiokappa.it\/test\/la-parola-fa-eguali\/\" class=\"tpg-post-link\" target=\"_self\">La parola fa eguali<\/a><\/h3><\/div>\n\t\t\t\t\t\t\t\t\t<div class=\"post-meta-tags rt-el-post-meta\">\n\t\t\t\t\t\t            <span class='date'>\n\t\t\t\t<i class='far fa-calendar-alt '><\/i>                                    <a href=\"https:\/\/studiokappa.it\/test\/2024\/02\/15\/\">\n\t\t\t\t\t15 Febbraio 2024\t\t\t\t<\/a>\n                \t\t\t<\/span>\n            \t\t\t\t\t<\/div>\n\t\t\t\t\n\t\t\t\t\t\t\t\t\t<div class=\"tpg-excerpt tpg-el-excerpt\">\n\t\t\t\t\t\t\t\t\t\t\t\t\t<div class=\"tpg-excerpt-inner\">\n\t\t\t\t\t\t\t\tInput di Paulo Freire alla didattica nella scuola per l\u2019educazione alla cittadinanza in classe A...\t\t\t\t\t\t\t<\/div>\n\t\t\t\t\t\t\t\t\t\t\t\t\t\t\t\t\t<\/div>\n\t\t\t\t\n\t\t\t\t        <div class=\"post-footer\">\n            <div class=\"post-footer\">\n                <div class=\"read-more\">\n                    <a data-id=\"22106\" href=\"https:\/\/studiokappa.it\/test\/la-parola-fa-eguali\/\" class=\"tpg-post-link\" target=\"_self\">Read More<\/a>                <\/div>\n            <\/div>\n        <\/div>\n        \t\t\t<\/div>\n\t\t<\/div>\n\t<\/div>\n<\/div>\n\n<div class=\"rt-col-md-4 rt-col-sm-12 rt-col-xs-12 default rt-list-item rt-grid-item\" data-id=\"20564\">\n\t<div class=\"rt-holder tpg-post-holder \">\n\t\t<div class=\"rt-detail rt-el-content-wrapper\">\n\t\t\t\t\t\t\t<div class=\"rt-img-holder tpg-el-image-wrap has-no-thumbnail\">\n\t\t\t\t\t<a data-id=\"20564\" href=\"https:\/\/studiokappa.it\/test\/educare-al-coraggio\/\" class=\"tpg-post-link\" target=\"_self\">        \n        <\/a>\n                <div class=\"overlay grid-hover-content\"><\/div>\n        \t\t\t\t<\/div>\n\t\t\t\n\t\t\t<div class=\"post-right-content\">\n\t\t\t\t<div class=\"entry-title-wrapper\"><h3 class=\"entry-title\"><a data-id=\"20564\" href=\"https:\/\/studiokappa.it\/test\/educare-al-coraggio\/\" class=\"tpg-post-link\" target=\"_self\">Educare al coraggio<\/a><\/h3><\/div>\n\t\t\t\t\t\t\t\t\t<div class=\"post-meta-tags rt-el-post-meta\">\n\t\t\t\t\t\t            <span class='date'>\n\t\t\t\t<i class='far fa-calendar-alt '><\/i>                                    <a href=\"https:\/\/studiokappa.it\/test\/2024\/02\/02\/\">\n\t\t\t\t\t02 Febbraio 2024\t\t\t\t<\/a>\n                \t\t\t<\/span>\n            \t\t\t\t\t<\/div>\n\t\t\t\t\n\t\t\t\t\t\t\t\t\t<div class=\"tpg-excerpt tpg-el-excerpt\">\n\t\t\t\t\t\t\t\t\t\t\t\t\t<div class=\"tpg-excerpt-inner\">\n\t\t\t\t\t\t\t\tTraining con insegnanti, educatori e genitori per crescere uomini e donne coscienti, liberi e...\t\t\t\t\t\t\t<\/div>\n\t\t\t\t\t\t\t\t\t\t\t\t\t\t\t\t\t<\/div>\n\t\t\t\t\n\t\t\t\t        <div class=\"post-footer\">\n            <div class=\"post-footer\">\n                <div class=\"read-more\">\n                    <a data-id=\"20564\" href=\"https:\/\/studiokappa.it\/test\/educare-al-coraggio\/\" class=\"tpg-post-link\" target=\"_self\">Read More<\/a>                <\/div>\n            <\/div>\n        <\/div>\n        \t\t\t<\/div>\n\t\t<\/div>\n\t<\/div>\n<\/div>\n            <\/div>\n\n\t\t\t\n        <\/div>\n\t\t\t\t\t\t<\/div>\n\t\t\t\t<\/div>\n\t\t\t\t\t<\/div>\n\t\t\t\t<\/div>\n\t\t\t\t<\/div>\n\t\t","protected":false},"excerpt":{"rendered":"<p>Empowerment delle Persone e delle Professioni Le diverse sfide della vita aiutano le persone a costruire la propria identit\u00e0 a rafforzare il proprio carattere e a individuare\u00a0 il loro senso nel mondo. Queste sfide possono essere occasione evolutiva oppure una fatica e una resistenza a costruirsi come donna e come uomo. Analizzare le situazioni, riconoscere [&hellip;]<\/p>\n","protected":false},"author":5,"featured_media":0,"parent":0,"menu_order":0,"comment_status":"closed","ping_status":"closed","template":"elementor_header_footer","meta":{"_acf_changed":false,"_eb_attr":"","footnotes":""},"class_list":["post-22261","page","type-page","status-publish","hentry"],"acf":[],"rttpg_featured_image_url":null,"rttpg_author":{"display_name":"Studio Kappa","author_link":"https:\/\/studiokappa.it\/test\/author\/studiokappa\/"},"rttpg_comment":0,"rttpg_category":"","rttpg_excerpt":"Empowerment delle Persone e delle Professioni Le diverse sfide della vita aiutano le persone a costruire la propria identit\u00e0 a rafforzare il proprio carattere e a individuare\u00a0 il loro senso nel mondo. Queste sfide possono essere occasione evolutiva oppure una fatica e una resistenza a costruirsi come donna e come uomo. Analizzare le situazioni, riconoscere&hellip;","_links":{"self":[{"href":"https:\/\/studiokappa.it\/test\/wp-json\/wp\/v2\/pages\/22261","targetHints":{"allow":["GET"]}}],"collection":[{"href":"https:\/\/studiokappa.it\/test\/wp-json\/wp\/v2\/pages"}],"about":[{"href":"https:\/\/studiokappa.it\/test\/wp-json\/wp\/v2\/types\/page"}],"author":[{"embeddable":true,"href":"https:\/\/studiokappa.it\/test\/wp-json\/wp\/v2\/users\/5"}],"replies":[{"embeddable":true,"href":"https:\/\/studiokappa.it\/test\/wp-json\/wp\/v2\/comments?post=22261"}],"version-history":[{"count":16,"href":"https:\/\/studiokappa.it\/test\/wp-json\/wp\/v2\/pages\/22261\/revisions"}],"predecessor-version":[{"id":23147,"href":"https:\/\/studiokappa.it\/test\/wp-json\/wp\/v2\/pages\/22261\/revisions\/23147"}],"wp:attachment":[{"href":"https:\/\/studiokappa.it\/test\/wp-json\/wp\/v2\/media?parent=22261"}],"curies":[{"name":"wp","href":"https:\/\/api.w.org\/{rel}","templated":true}]}}