{"id":13590,"date":"2019-10-01T13:59:02","date_gmt":"2019-10-01T13:59:02","guid":{"rendered":"http:\/\/www.studiokappa.it\/?page_id=13590"},"modified":"2019-10-01T13:59:02","modified_gmt":"2019-10-01T13:59:02","slug":"la-parola-fa-eguali","status":"publish","type":"page","link":"https:\/\/studiokappa.it\/test\/la-parola-fa-eguali\/","title":{"rendered":"La parola fa eguali"},"content":{"rendered":"<p><strong><span style=\"color: #6600ff;font-size: medium\">La parola fa eguali<br \/><\/span><\/strong><br \/><em><span style=\"color: #6600ff;font-size: medium\">Approccio critico-dialogico all\u2019alfabetizzazione come pratica di cittadinanza<\/span><\/em><\/p>\n\n\n<p><strong>Finalit\u00e0<\/strong><\/p>\n\n\n\n<p>Il percorso \u00e8 dedicato alla formazione dei docenti di scuola di ogni ordine e grado ed \u00e8 volto a:<\/p>\n\n\n\n<p>a) promuovere tra gli insegnanti la      consapevolezza su quanto lo spazio ed il tempo della relazione con gli      studenti possano essere preziosi &#8211; al di l\u00e0 dell\u2019esercizio      dell\u2019insegnamento e dell\u2019apprendimento delle differenti discipline &#8211; per      il potenziamento delle competenze linguistiche degli studenti e per la      creazione di quel legame di comprensione,&nbsp;riconoscimento,      elaborazione del senso di radicamento&nbsp;e sviluppo di senso di&nbsp; consapevolezza del proprio potere nonch\u00e9      della responsabilit\u00e0 di agire nel contesto per apportarvi il proprio contributo      (intendendo questa competenza come esercizio attivo della cittadinanza);<\/p>\n\n\n\n<p>b) offrire agli insegnanti      l\u2019opportunit\u00e0 di sperimentare un approccio metodologico volto a potenziare      le&nbsp; competenze linguistiche degli      studenti che, imparando a leggere e scrivere, apprendono&nbsp; ad&nbsp;esprimere parole&nbsp;che hanno      la possibilit\u00e0 di generare comportamenti nuovi, sviluppare la propria      capacit\u00e0&nbsp;di lettura del mondo,&nbsp;costruire la propria motivazione      a&nbsp;trasformarlo.<\/p>\n\n\n\n\n\n\n\n<div class=\"wp-block-image\"><figure class=\"aligncenter\"><img decoding=\"async\" src=\"http:\/\/www.studiokappa.it\/wp-content\/uploads\/2019\/10\/P7011334-1.jpg\" alt=\"\" class=\"wp-image-13692\" \/><figcaption>&#8220;La parola fa eguali&#8221;<br> L&#8217;approccio critico-dialogico all\u2019alfabetizzazione come pratica di cittadinanza <br>Corso di formazione con gli insegnanti dell&#8217;Istituto Comprensivo M. A. Chiecca, Rudiano (BS),  1-2 luglio 2019ITAL CAMERA<\/figcaption><\/figure><\/div>\n\n\n\n<p><\/p>\n\n\n\n<p><strong>Contenuti<\/strong><\/p>\n\n\n\n<p>A partire dall\u2019esplorazione dei\npresupposti della pedagogia critica-dialogica, durante gli incontri si scopre e\nsi fa pratica dell\u2019educazione critica-dialogica-problematizzante di Paulo\nFreire, Lorenzo Milani e Danilo Dolci alla ricerca di spunti pedagogici e\nsuggerimenti metodologici che orientino ed arricchiscono la didattica nella\nscuola &nbsp;rendendo la relazione\ninsegnamento-apprendimento&nbsp; un\u2019occasione\nprivilegiata per innescare processi di coscientizzazione, responsabilizzazione\ne liberazione.<\/p>\n\n\n\n<p>Durante gli incontri verr\u00e0:<\/p>\n\n\n\n<p>a) introdotto e progressivamente approfondito il costrutto filosofico, antropologico e      pedagogico di Paulo Freire e le convergenze con i suoi contemporanei      italiani Lorenzo Milani e Danilo Dolci;<\/p>\n\n\n\n<p>b) stimolata      una riflessione critica con i partecipanti volta ad analizzare l\u2019approccio      depositario dell\u2019insegnamento e della relazione docente-discente&nbsp; quali paradigmi di modi di concepire se stessi, gli altri ed il rispettivo potere di agire nel mondo e di trasformare la realt\u00e0;<\/p>\n\n\n\n<p>c) accompagna      un processo di \u201creinvenzione\u201d e sperimentazione del \u201cmetodo\u201d per la      coscientizzazione e\/o l\u2019alfabetizzazione del Freire che parta dai vissuti      degli studenti\/studentesse e stimoli percorsi di&nbsp;&nbsp; auto-riconoscimento;<\/p>\n\n\n\n<p>d) sperimentata la ricerca dei temi generatori      che appartengono al vissuto antropologico ed all\u2019universo semantico degli      apprendenti;<\/p>\n\n\n\n<p>e) stimolato un approccio maieutico      per l\u2019attivazione della motivazione all\u2019apprendimento e all\u2019esercizio      consapevole del potere della parola che implica capacit\u00e0 di analisi,      capacit\u00e0 di scelta, capacit\u00e0 di intervento nella realt\u00e0;<\/p>\n\n\n\n<p>f) costruito l\u2019impianto delle      competenze metodologiche&nbsp; &nbsp;per stimolare la propria ed altrui      capacit\u00e0 di \u201clettura del mondo\u201d sperimentandosi nel fare del \u201ccontesto\u201d il      \u201ctesto\u201d da cui muovere sia l\u2019insegnamento delle diverse discipline, sia la      relazione educativa.<\/p>\n\n\n\n<p><strong>Metodologia<\/strong><\/p>\n\n\n\n<p>Il percorso \u00e8 condotto esclusivamente con metodologie partecipative che permettono ai partecipanti di concorrere direttamente alla costruzione di nuove conoscenze e attitudini . Si valorizza l\u2019esperienza e il vissuto dei partecipanti e li si assume come risorsa per l\u2019apprendimento.&nbsp; In linea con l\u2019approccio freireano, come in un \u201cCircolo di cultura\u201d, si impara facendo e facendo insieme, con un approccio di&nbsp; Ricerca-Formazione, applicando il metodo di <em>alfabetizzazione &#8211; coscientizzazione<\/em> di Paulo Freire ed analizzandolo criticamente alla ricerca delle potenzialit\u00e0&nbsp; che pu\u00f2 ancora oggi esprimere per lo sviluppo delle competenze linguistiche e&nbsp; del senso di responsabilit\u00e0 e partecipazione alla vita&nbsp; pubblica delle giovani .<\/p>\n\n\n\n<p><strong>Bibliografia e sitografia<\/strong><\/p>\n\n\n\n<p>Dolci D., Dal trasmettere al comunicare, Torino, Edizioni Sonda, 1988<\/p>\n\n\n\n<p>Dolci D., Palpitare di nessi. Ricerca di educare creativo a un mondo      nonviolento, Roma, Armando, 1985<\/p>\n\n\n\n<p>Freire  P., L\u2019educazione come pratica della libert\u00e0. I fondamenti sperimentali della \u201cPedagogia degli oppressi\u201d, Milano, Arnoldo Mondadori, 1974<\/p>\n\n\n\n<p>Freire P., La pedagogia degli oppressi, Torino, EGA, 2002<\/p>\n\n\n\n<p>Freire P., Pedagogia dell\u2019autonomia. Saperi necessari per la pratica educativa, Torino, EGA, 2004<\/p>\n\n\n\n<p>Freire P., Extension or communication, in Paulo      Freire \u2013 Education for critical consciousness, Continuum, New York 2005<\/p>\n\n\n\n<p>Milani  L., Lettera ad una professoressa, come Scuola di Barbiana, Firenze,  Libreria Editrice Fiorentina, 1967<\/p>\n\n\n\n<p>Zumbo A., L\u2019educazione critica dialogica problematizzante: una leva per il cambiamento delle comunit\u00e0 locali, in  <a href=\"https:\/\/www.francoangeli.it\/Ricerca\/Scheda_Libro.aspx?ID=25676&amp;Tipo=Libro&amp;strRicercaTesto=25676&amp;lingua=it&amp;titolo=comunita%27+che+innovano.+prospettive+ed+esperienze+per+territori+inclusivi\"> Comunit\u00e0 che innovano. Prospettive ed esperienze per territori inclusivi<\/a>, Ciampolini T., FrancoAngeli 2019<\/p>\n\n\n\n<p>Zumbo A.,  <em><a href=\"https:\/\/www.meltingpot.org\/Alfabetizzare-non-e-insegnare-a-ripetere-parole-ma-a-dire.html#.XZNeY0YzbIU\">Alfabetizzare non \u00e8 insegnare a      ripetere parole, ma a dire la propria parola<\/a>, Meltingpot, novembre 2016 <\/em><\/p>\n\n\n\n<p>Zumbo A.-Dallavalle C. ,  <a href=\"http:\/\/www.istitutoeuroarabo.it\/DM\/la-lingua-italiana-lultima-frontiera-per-la-cittadinanza-dei-migranti-la-lezione-di-paulo-freire\/\"> <\/a><em><a href=\"http:\/\/www.istitutoeuroarabo.it\/DM\/la-lingua-italiana-lultima-frontiera-per-la-cittadinanza-dei-migranti-la-lezione-di-paulo-freire\/\">La lingua italiana, l\u2019ultima      frontiera per la cittadinanza dei migranti: la lezione di Paulo Freire<\/a><\/em>,  Dialoghi mediterranei, marzo 2017<\/p>\n\n\n<p><\/p>","protected":false},"excerpt":{"rendered":"<p>La parola fa egualiApproccio critico-dialogico all\u2019alfabetizzazione come pratica di cittadinanza Finalit\u00e0 Il percorso \u00e8 dedicato alla formazione dei docenti di scuola di ogni ordine e grado ed \u00e8 volto a: a) promuovere tra gli insegnanti la consapevolezza su quanto lo spazio ed il tempo della relazione con gli studenti possano essere preziosi &#8211; al di [&hellip;]<\/p>\n","protected":false},"author":10,"featured_media":0,"parent":0,"menu_order":0,"comment_status":"closed","ping_status":"closed","template":"","meta":{"_acf_changed":false,"_eb_attr":"","footnotes":""},"class_list":["post-13590","page","type-page","status-publish","hentry"],"acf":[],"rttpg_featured_image_url":null,"rttpg_author":{"display_name":"Anna Zumbo","author_link":"https:\/\/studiokappa.it\/test\/author\/anna-zumbo\/"},"rttpg_comment":0,"rttpg_category":null,"rttpg_excerpt":"La parola fa egualiApproccio critico-dialogico all\u2019alfabetizzazione come pratica di cittadinanza Finalit\u00e0 Il percorso \u00e8 dedicato alla formazione dei docenti di scuola di ogni ordine e grado ed \u00e8 volto a: a) promuovere tra gli insegnanti la consapevolezza su quanto lo spazio ed il tempo della relazione con gli studenti possano essere preziosi &#8211; al di&hellip;","_links":{"self":[{"href":"https:\/\/studiokappa.it\/test\/wp-json\/wp\/v2\/pages\/13590","targetHints":{"allow":["GET"]}}],"collection":[{"href":"https:\/\/studiokappa.it\/test\/wp-json\/wp\/v2\/pages"}],"about":[{"href":"https:\/\/studiokappa.it\/test\/wp-json\/wp\/v2\/types\/page"}],"author":[{"embeddable":true,"href":"https:\/\/studiokappa.it\/test\/wp-json\/wp\/v2\/users\/10"}],"replies":[{"embeddable":true,"href":"https:\/\/studiokappa.it\/test\/wp-json\/wp\/v2\/comments?post=13590"}],"version-history":[{"count":0,"href":"https:\/\/studiokappa.it\/test\/wp-json\/wp\/v2\/pages\/13590\/revisions"}],"wp:attachment":[{"href":"https:\/\/studiokappa.it\/test\/wp-json\/wp\/v2\/media?parent=13590"}],"curies":[{"name":"wp","href":"https:\/\/api.w.org\/{rel}","templated":true}]}}